{"id":4671,"date":"2021-11-12T20:40:14","date_gmt":"2021-11-13T01:40:14","guid":{"rendered":"https:\/\/canamtl.com\/cuisines-of-the-world\/"},"modified":"2024-10-10T08:46:21","modified_gmt":"2024-10-10T12:46:21","slug":"cuisines-of-the-world","status":"publish","type":"page","link":"https:\/\/canamtl.com\/en\/cuisines-of-the-world\/","title":{"rendered":"Cuisines of the world"},"content":{"rendered":"<p><div class=\"fusion-fullwidth fullwidth-box fusion-builder-row-1 fusion-flex-container fusion-parallax-none hundred-percent-fullwidth non-hundred-percent-height-scrolling\" style=\"--awb-border-radius-top-left:0px;--awb-border-radius-top-right:0px;--awb-border-radius-bottom-right:0px;--awb-border-radius-bottom-left:0px;--awb-padding-top:55px;--awb-padding-bottom:103.96199999999999px;--awb-margin-top:0px;--awb-margin-bottom:0px;--awb-background-image:url(&quot;https:\/\/canamtl.com\/wp-content\/uploads\/2024\/10\/Cuisine-du-monde-1.jpg&quot;);--awb-background-size:cover;--awb-flex-wrap:wrap;\" ><div class=\"fusion-builder-row fusion-row fusion-flex-align-items-center fusion-flex-content-wrap\" style=\"width:104% !important;max-width:104% !important;margin-left: calc(-4% \/ 2 );margin-right: calc(-4% \/ 2 );\"><div class=\"fusion-layout-column fusion_builder_column fusion-builder-column-0 fusion_builder_column_1_1 1_1 fusion-flex-column fusion-flex-align-self-center fusion-animated\" style=\"--awb-padding-left:25px;--awb-overflow:hidden;--awb-bg-color:#ffffff;--awb-bg-color-hover:#ffffff;--awb-bg-size:cover;--awb-box-shadow:5px 5px 5px 6px #ffc6ff;;--awb-border-radius:15px 15px 15px 15px;--awb-width-large:100%;--awb-margin-top-large:10px;--awb-spacing-right-large:12.288%;--awb-margin-bottom-large:0px;--awb-spacing-left-large:55.488%;--awb-width-medium:100%;--awb-order-medium:0;--awb-spacing-right-medium:1.92%;--awb-spacing-left-medium:1.92%;--awb-width-small:100%;--awb-order-small:0;--awb-spacing-right-small:1.92%;--awb-spacing-left-small:1.92%;\" data-animationType=\"fadeInLeft\" data-animationDuration=\"0.6\" data-animationOffset=\"top-into-view\"><div class=\"fusion-column-wrapper fusion-column-has-shadow fusion-flex-justify-content-center fusion-content-layout-column\"><div class=\"fusion-title title fusion-title-1 fusion-sep-none fusion-title-text fusion-title-size-one fusion-text-has-stroke\" style=\"--awb-margin-top:20px;--awb-margin-right:20px;--awb-margin-left:20px;--awb-margin-top-small:25px;--awb-margin-right-small:0px;--awb-margin-bottom-small:16px;--awb-margin-left-small:0px;--awb-text-stroke-color:#ff5bd6;--awb-font-size:70px;\"><h1 class=\"fusion-title-heading title-heading-left fusion-responsive-typography-calculated\" style=\"margin:0;font-size:1em;--fontSize:70;line-height:1;text-shadow:5px 3px 3px #3debf4;\">Cuisines of the world<\/h1><\/div><\/div><\/div><\/div><\/div><div class=\"fusion-fullwidth fullwidth-box fusion-builder-row-2 nonhundred-percent-fullwidth non-hundred-percent-height-scrolling\" style=\"--awb-border-radius-top-left:0px;--awb-border-radius-top-right:0px;--awb-border-radius-bottom-right:0px;--awb-border-radius-bottom-left:0px;--awb-padding-right:10%;--awb-padding-left:10%;--awb-flex-wrap:wrap;\" ><div class=\"fusion-builder-row fusion-row\"><div class=\"fusion-layout-column fusion_builder_column fusion-builder-column-1 fusion_builder_column_1_2 1_2 fusion-one-half fusion-column-first\" style=\"--awb-padding-top:47px;--awb-bg-size:cover;--awb-margin-top:49px;width:50%;width:calc(50% - ( ( 4% ) * 0.5 ) );margin-right: 4%;\"><div class=\"fusion-column-wrapper fusion-column-has-shadow fusion-flex-column-wrapper-legacy\"><div class=\"fusion-text fusion-text-1\" style=\"--awb-font-size:22px;\"><p>You have been looking for opportunities to meet new people since you arrived? You like to cook and share your culinary knowledge and culture? If so, this workshop is for you!<\/p>\n<\/div><div class=\"fusion-aligncenter\"><a class=\"fusion-button button-flat fusion-button-default-size button-custom fusion-button-default button-1 fusion-button-default-span fusion-animated fusion-has-button-gradient\" style=\"--button_accent_color:#000000;--button_border_color:#000000;--button_accent_hover_color:#ffffff;--button_border_hover_color:#ffffff;--button_border_width-top:1px;--button_border_width-right:1px;--button_border_width-bottom:1px;--button_border_width-left:1px;--button-border-radius-top-left:0;--button-border-radius-top-right:22px;--button-border-radius-bottom-right:22px;--button-border-radius-bottom-left:22px;--button_gradient_angle:156deg;--button_gradient_top_color:#9df9fe;--button_gradient_bottom_color:#ffc6ff;--button_gradient_top_color_hover:#ef793f;--button_gradient_bottom_color_hover:#d43716;--button_text_transform:none;--button_font_size:25px;--button_padding-top:22px;--button_padding-right:55px;--button_padding-bottom:22px;--button_padding-left:55px;--button_typography-font-family:&quot;Varela Round&quot;;--button_typography-font-style:normal;--button_typography-font-weight:400;\" data-animationType=\"fadeInDown\" data-animationDuration=\"0.9\" data-animationOffset=\"top-into-view\" target=\"_self\" href=\"https:\/\/forms.office.com\/pages\/responsepage.aspx?id=5qeKq5xJy0yLji9Y12SLziwmWi40X5VCqDWTc7bMLdJUQTNNU0M5TDhJRlJaMDhWOUNMUThHMjFTVyQlQCN0PWcu&amp;origin=lprLink\"><span class=\"fusion-button-text awb-button__text awb-button__text--default\">Complete the form<\/span><i class=\"fa-angle-double-right fas awb-button__icon awb-button__icon--default button-icon-right\" aria-hidden=\"true\"><\/i><\/a><\/div><div class=\"fusion-clearfix\"><\/div><\/div><\/div><div class=\"fusion-layout-column fusion_builder_column fusion-builder-column-2 fusion_builder_column_1_2 1_2 fusion-one-half fusion-column-last\" style=\"--awb-bg-size:cover;--awb-border-color:rgba(51,51,56,0.34);--awb-border-top:0;--awb-border-right:0;--awb-border-bottom:0;--awb-border-left:0;--awb-border-style:solid;width:50%;width:calc(50% - ( ( 4% ) * 0.5 ) );\"><div class=\"fusion-column-wrapper fusion-column-has-shadow fusion-flex-column-wrapper-legacy\"><div class=\"fusion-sep-clear\"><\/div><div class=\"fusion-separator fusion-no-small-visibility fusion-no-medium-visibility fusion-full-width-sep\" style=\"margin-left: auto;margin-right: auto;margin-top:70px;width:100%;\"><\/div><div class=\"fusion-sep-clear\"><\/div><div class=\"fusion-text fusion-text-2\"><div id=\"lipsum\">\n<div class=\"page\" title=\"Page 8\">\n<div class=\"layoutArea\">\n<div class=\"column\">\n<p>Cuisine du monde is a culinary activity in which participants share a recipe from their native country. It&#8217;s a moment of sharing and exchange around a dish from here and elsewhere, while savouring the delights offered by the participants. It&#8217;s also good practice in French culinary terms for people learning the language.<\/p>\n<p>Les cuisines d\u00e9couvertes cette ann\u00e9e sont colombienne, p\u00e9ruvienne, libanaise, ha\u00eftienne, qu\u00e9b\u00e9coise, salvadorienne et iranienne.<\/p>\n<\/div>\n<\/div>\n<\/div>\n<\/div>\n<\/div><div class=\"fusion-clearfix\"><\/div><\/div><\/div><\/div><\/div><\/p>\n","protected":false},"excerpt":{"rendered":"","protected":false},"author":2,"featured_media":4586,"parent":0,"menu_order":0,"comment_status":"closed","ping_status":"closed","template":"100-width.php","meta":{"_uf_show_specific_survey":0,"_uf_disable_surveys":false,"footnotes":""},"class_list":["post-4671","page","type-page","status-publish","has-post-thumbnail","hentry"],"aioseo_notices":[],"_links":{"self":[{"href":"https:\/\/canamtl.com\/en\/wp-json\/wp\/v2\/pages\/4671","targetHints":{"allow":["GET"]}}],"collection":[{"href":"https:\/\/canamtl.com\/en\/wp-json\/wp\/v2\/pages"}],"about":[{"href":"https:\/\/canamtl.com\/en\/wp-json\/wp\/v2\/types\/page"}],"author":[{"embeddable":true,"href":"https:\/\/canamtl.com\/en\/wp-json\/wp\/v2\/users\/2"}],"replies":[{"embeddable":true,"href":"https:\/\/canamtl.com\/en\/wp-json\/wp\/v2\/comments?post=4671"}],"version-history":[{"count":4,"href":"https:\/\/canamtl.com\/en\/wp-json\/wp\/v2\/pages\/4671\/revisions"}],"predecessor-version":[{"id":12988,"href":"https:\/\/canamtl.com\/en\/wp-json\/wp\/v2\/pages\/4671\/revisions\/12988"}],"wp:featuredmedia":[{"embeddable":true,"href":"https:\/\/canamtl.com\/en\/wp-json\/wp\/v2\/media\/4586"}],"wp:attachment":[{"href":"https:\/\/canamtl.com\/en\/wp-json\/wp\/v2\/media?parent=4671"}],"curies":[{"name":"wp","href":"https:\/\/api.w.org\/{rel}","templated":true}]}}